{"id":156,"date":"2019-03-11T17:47:12","date_gmt":"2019-03-11T17:47:12","guid":{"rendered":"http:\/\/blakeselph.com\/?page_id=156"},"modified":"2024-09-11T19:30:09","modified_gmt":"2024-09-11T17:30:09","slug":"home","status":"publish","type":"page","link":"https:\/\/blakeselph.com\/es\/","title":{"rendered":"Home"},"content":{"rendered":"<p><\/p>\n<p>Blake Selph es un traductor estadunidense profesional de espa\u00f1ol a ingl\u00e9s y portugu\u00e9s a ingl\u00e9s, adem\u00e1s de subtitulador y editor. Ha estudiado espa\u00f1ol y portugu\u00e9s en la Universidad de Virginia, EE.UU., y ling\u00fc\u00edstica en la Universidad de Lisboa, Portugal, y tambi\u00e9n ha vivido en Argentina y Brasil. Est\u00e1 especializado en<\/p>\n<p> <\/p>\n<ul>\n<li>Traducciones acad\u00e9micas y cient\u00edficas, especialmente respecto a las ciencias ambientales<\/li>\n<li>Subt\u00edtulos, traducidos y monoling\u00fces<\/li>\n<li>Edici\u00f3n de art\u00edculos acad\u00e9micos<\/li>\n<\/ul>\n<p><a href=\"https:\/\/blakeselph.com\/es\/contact\/\">Necesitas servicios de traducci\u00f3n? Haz clic aqui para entrar en contacto conmigo.<\/a><\/p>\n<p><\/p>","protected":false},"excerpt":{"rendered":"<p>Blake Selph is an American professional freelance translator for Spanish to English and Portuguese to English, as well as subtitler&hellip;<\/p>","protected":false},"author":1,"featured_media":0,"parent":0,"menu_order":0,"comment_status":"closed","ping_status":"closed","template":"","meta":[],"yoast_head":"<!-- This site is optimized with the Yoast SEO plugin v19.1 - https:\/\/yoast.com\/wordpress\/plugins\/seo\/ -->\n<title>Home - Blake Selph Translation<\/title>\n<meta name=\"robots\" content=\"index, follow, max-snippet:-1, max-image-preview:large, max-video-preview:-1\" \/>\n<link rel=\"canonical\" href=\"https:\/\/blakeselph.com\/es\/\" \/>\n<meta property=\"og:locale\" content=\"es_ES\" \/>\n<meta property=\"og:type\" content=\"article\" \/>\n<meta property=\"og:title\" content=\"Home - Blake Selph Translation\" \/>\n<meta property=\"og:description\" content=\"Blake Selph is an American professional freelance translator for Spanish to English and Portuguese to English, as well as subtitler&hellip;\" \/>\n<meta property=\"og:url\" content=\"https:\/\/blakeselph.com\/es\/\" \/>\n<meta property=\"og:site_name\" content=\"Blake Selph Translation\" \/>\n<meta property=\"article:modified_time\" content=\"2024-09-11T17:30:09+00:00\" \/>\n<meta name=\"twitter:card\" content=\"summary_large_image\" \/>\n<script type=\"application\/ld+json\" class=\"yoast-schema-graph\">{\"@context\":\"https:\/\/schema.org\",\"@graph\":[{\"@type\":[\"Person\",\"Organization\"],\"@id\":\"https:\/\/blakeselph.com\/#\/schema\/person\/f42da91886dfcdf7f83629fa91d6d181\",\"name\":\"Blake Selph\",\"image\":{\"@type\":\"ImageObject\",\"inLanguage\":\"es\",\"@id\":\"https:\/\/blakeselph.com\/#\/schema\/person\/image\/\",\"url\":\"https:\/\/secure.gravatar.com\/avatar\/84b8c0254396741fd7ce8cf78f171464?s=96&d=mm&r=g\",\"contentUrl\":\"https:\/\/secure.gravatar.com\/avatar\/84b8c0254396741fd7ce8cf78f171464?s=96&d=mm&r=g\",\"caption\":\"Blake Selph\"},\"logo\":{\"@id\":\"https:\/\/blakeselph.com\/#\/schema\/person\/image\/\"},\"sameAs\":[\"https:\/\/www.linkedin.com\/in\/blake-selph-09228516b\/\"]},{\"@type\":\"WebSite\",\"@id\":\"https:\/\/blakeselph.com\/#website\",\"url\":\"https:\/\/blakeselph.com\/\",\"name\":\"Blake Selph Translation\",\"description\":\"Connecting across cultures\",\"publisher\":{\"@id\":\"https:\/\/blakeselph.com\/#\/schema\/person\/f42da91886dfcdf7f83629fa91d6d181\"},\"potentialAction\":[{\"@type\":\"SearchAction\",\"target\":{\"@type\":\"EntryPoint\",\"urlTemplate\":\"https:\/\/blakeselph.com\/?s={search_term_string}\"},\"query-input\":\"required name=search_term_string\"}],\"inLanguage\":\"es\"},{\"@type\":\"WebPage\",\"@id\":\"https:\/\/blakeselph.com\/#webpage\",\"url\":\"https:\/\/blakeselph.com\/\",\"name\":\"Home - Blake Selph Translation\",\"isPartOf\":{\"@id\":\"https:\/\/blakeselph.com\/#website\"},\"datePublished\":\"2019-03-11T17:47:12+00:00\",\"dateModified\":\"2024-09-11T17:30:09+00:00\",\"breadcrumb\":{\"@id\":\"https:\/\/blakeselph.com\/#breadcrumb\"},\"inLanguage\":\"es\",\"potentialAction\":[{\"@type\":\"ReadAction\",\"target\":[\"https:\/\/blakeselph.com\/\"]}]},{\"@type\":\"BreadcrumbList\",\"@id\":\"https:\/\/blakeselph.com\/#breadcrumb\",\"itemListElement\":[{\"@type\":\"ListItem\",\"position\":1,\"name\":\"Home\",\"item\":\"https:\/\/blakeselph.com\/\"},{\"@type\":\"ListItem\",\"position\":2,\"name\":\"Home\"}]}]}<\/script>\n<!-- \/ Yoast SEO plugin. -->","yoast_head_json":{"title":"Home - Blake Selph Translation","robots":{"index":"index","follow":"follow","max-snippet":"max-snippet:-1","max-image-preview":"max-image-preview:large","max-video-preview":"max-video-preview:-1"},"canonical":"https:\/\/blakeselph.com\/es\/","og_locale":"es_ES","og_type":"article","og_title":"Home - Blake Selph Translation","og_description":"Blake Selph is an American professional freelance translator for Spanish to English and Portuguese to English, as well as subtitler&hellip;","og_url":"https:\/\/blakeselph.com\/es\/","og_site_name":"Blake Selph Translation","article_modified_time":"2024-09-11T17:30:09+00:00","twitter_card":"summary_large_image","schema":{"@context":"https:\/\/schema.org","@graph":[{"@type":["Person","Organization"],"@id":"https:\/\/blakeselph.com\/#\/schema\/person\/f42da91886dfcdf7f83629fa91d6d181","name":"Blake Selph","image":{"@type":"ImageObject","inLanguage":"es","@id":"https:\/\/blakeselph.com\/#\/schema\/person\/image\/","url":"https:\/\/secure.gravatar.com\/avatar\/84b8c0254396741fd7ce8cf78f171464?s=96&d=mm&r=g","contentUrl":"https:\/\/secure.gravatar.com\/avatar\/84b8c0254396741fd7ce8cf78f171464?s=96&d=mm&r=g","caption":"Blake Selph"},"logo":{"@id":"https:\/\/blakeselph.com\/#\/schema\/person\/image\/"},"sameAs":["https:\/\/www.linkedin.com\/in\/blake-selph-09228516b\/"]},{"@type":"WebSite","@id":"https:\/\/blakeselph.com\/#website","url":"https:\/\/blakeselph.com\/","name":"Blake Selph Translation","description":"Connecting across cultures","publisher":{"@id":"https:\/\/blakeselph.com\/#\/schema\/person\/f42da91886dfcdf7f83629fa91d6d181"},"potentialAction":[{"@type":"SearchAction","target":{"@type":"EntryPoint","urlTemplate":"https:\/\/blakeselph.com\/?s={search_term_string}"},"query-input":"required name=search_term_string"}],"inLanguage":"es"},{"@type":"WebPage","@id":"https:\/\/blakeselph.com\/#webpage","url":"https:\/\/blakeselph.com\/","name":"Home - Blake Selph Translation","isPartOf":{"@id":"https:\/\/blakeselph.com\/#website"},"datePublished":"2019-03-11T17:47:12+00:00","dateModified":"2024-09-11T17:30:09+00:00","breadcrumb":{"@id":"https:\/\/blakeselph.com\/#breadcrumb"},"inLanguage":"es","potentialAction":[{"@type":"ReadAction","target":["https:\/\/blakeselph.com\/"]}]},{"@type":"BreadcrumbList","@id":"https:\/\/blakeselph.com\/#breadcrumb","itemListElement":[{"@type":"ListItem","position":1,"name":"Home","item":"https:\/\/blakeselph.com\/"},{"@type":"ListItem","position":2,"name":"Home"}]}]}},"_links":{"self":[{"href":"https:\/\/blakeselph.com\/es\/wp-json\/wp\/v2\/pages\/156"}],"collection":[{"href":"https:\/\/blakeselph.com\/es\/wp-json\/wp\/v2\/pages"}],"about":[{"href":"https:\/\/blakeselph.com\/es\/wp-json\/wp\/v2\/types\/page"}],"author":[{"embeddable":true,"href":"https:\/\/blakeselph.com\/es\/wp-json\/wp\/v2\/users\/1"}],"replies":[{"embeddable":true,"href":"https:\/\/blakeselph.com\/es\/wp-json\/wp\/v2\/comments?post=156"}],"version-history":[{"count":17,"href":"https:\/\/blakeselph.com\/es\/wp-json\/wp\/v2\/pages\/156\/revisions"}],"predecessor-version":[{"id":431,"href":"https:\/\/blakeselph.com\/es\/wp-json\/wp\/v2\/pages\/156\/revisions\/431"}],"wp:attachment":[{"href":"https:\/\/blakeselph.com\/es\/wp-json\/wp\/v2\/media?parent=156"}],"curies":[{"name":"wp","href":"https:\/\/api.w.org\/{rel}","templated":true}]}}