{"id":160,"date":"2019-03-11T17:47:12","date_gmt":"2019-03-11T17:47:12","guid":{"rendered":"http:\/\/blakeselph.com\/?page_id=160"},"modified":"2024-10-15T16:03:22","modified_gmt":"2024-10-15T14:03:22","slug":"portfolio","status":"publish","type":"page","link":"https:\/\/blakeselph.com\/es\/portfolio\/","title":{"rendered":"Porfolio"},"content":{"rendered":"<h1>Translation<\/h1>\n<h3>Subt\u00edtulos<\/h3>\n<p>Series de televisi\u00f3n, discursos de congresos, cursos de aprendizaje digital, v\u00eddeos de YouTube. Hago subtitulaci\u00f3n monoling\u00fce y en traducida del espa\u00f1ol y portugu\u00e9s.<\/p>\n<h3>Art\u00edculos acad\u00e9micos y cient\u00edficos<\/h3>\n<p>Silvicultura, energ\u00eda renovable, ciencias sociales<\/p>\n<h3>Documentos t\u00e9cnicos<\/h3>\n<p>Manuales de instrucciones, ingenier\u00eda de fabricaci\u00f3n<\/p>\n<h3>Videojuegos<\/h3>\n<p>&nbsp;<\/p>\n<p>&nbsp;<\/p>\n\t<h1>Edici\u00f3n<\/h1>\n<h3>Art\u00edculos acad\u00e9micos<\/h3>\n<p>Mi mayor proyecto de edici\u00f3n hasta hoy es una\ntesis doctoral de psicolog\u00eda social de 80.000 palabras titulada <a href=\"https:\/\/www.tandfonline.com\/doi\/full\/10.1080\/1523908X.2023.2291386#abstract\"><em>Which energy citizenship in positive energy districts? A governmentality social psychological analysis of participatory governance <\/em><\/a>por Minh Thu Nguyen<\/p>\n<h3>Contenido web<\/h3>\n<p>Edici\u00f3n de contenidos para diversos sitios web profesionales y materiales de marketing.<\/p>\n<p>&nbsp;<\/p>","protected":false},"excerpt":{"rendered":"<p>Translation Subtitles TV series, Conference Speeches, eLearning Courses, YouTube Videos. I subtitle both monolingual and in translation from Spanish and&hellip;<\/p>","protected":false},"author":1,"featured_media":0,"parent":0,"menu_order":0,"comment_status":"closed","ping_status":"closed","template":"","meta":[],"yoast_head":"<!-- This site is optimized with the Yoast SEO plugin v19.1 - https:\/\/yoast.com\/wordpress\/plugins\/seo\/ -->\n<title>Portfolio - Blake Selph Translation<\/title>\n<meta name=\"robots\" content=\"index, follow, max-snippet:-1, max-image-preview:large, max-video-preview:-1\" \/>\n<link rel=\"canonical\" href=\"https:\/\/blakeselph.com\/es\/portfolio\/\" \/>\n<meta property=\"og:locale\" content=\"es_ES\" \/>\n<meta property=\"og:type\" content=\"article\" \/>\n<meta property=\"og:title\" content=\"Portfolio - Blake Selph Translation\" \/>\n<meta property=\"og:description\" content=\"Translation Subtitles TV series, Conference Speeches, eLearning Courses, YouTube Videos. I subtitle both monolingual and in translation from Spanish and&hellip;\" \/>\n<meta property=\"og:url\" content=\"https:\/\/blakeselph.com\/es\/portfolio\/\" \/>\n<meta property=\"og:site_name\" content=\"Blake Selph Translation\" \/>\n<meta property=\"article:modified_time\" content=\"2024-10-15T14:03:22+00:00\" \/>\n<meta name=\"twitter:card\" content=\"summary_large_image\" \/>\n<script type=\"application\/ld+json\" class=\"yoast-schema-graph\">{\"@context\":\"https:\/\/schema.org\",\"@graph\":[{\"@type\":[\"Person\",\"Organization\"],\"@id\":\"https:\/\/blakeselph.com\/#\/schema\/person\/f42da91886dfcdf7f83629fa91d6d181\",\"name\":\"Blake Selph\",\"image\":{\"@type\":\"ImageObject\",\"inLanguage\":\"es\",\"@id\":\"https:\/\/blakeselph.com\/#\/schema\/person\/image\/\",\"url\":\"https:\/\/secure.gravatar.com\/avatar\/84b8c0254396741fd7ce8cf78f171464?s=96&d=mm&r=g\",\"contentUrl\":\"https:\/\/secure.gravatar.com\/avatar\/84b8c0254396741fd7ce8cf78f171464?s=96&d=mm&r=g\",\"caption\":\"Blake Selph\"},\"logo\":{\"@id\":\"https:\/\/blakeselph.com\/#\/schema\/person\/image\/\"},\"sameAs\":[\"https:\/\/www.linkedin.com\/in\/blake-selph-09228516b\/\"]},{\"@type\":\"WebSite\",\"@id\":\"https:\/\/blakeselph.com\/#website\",\"url\":\"https:\/\/blakeselph.com\/\",\"name\":\"Blake Selph Translation\",\"description\":\"Connecting across cultures\",\"publisher\":{\"@id\":\"https:\/\/blakeselph.com\/#\/schema\/person\/f42da91886dfcdf7f83629fa91d6d181\"},\"potentialAction\":[{\"@type\":\"SearchAction\",\"target\":{\"@type\":\"EntryPoint\",\"urlTemplate\":\"https:\/\/blakeselph.com\/?s={search_term_string}\"},\"query-input\":\"required name=search_term_string\"}],\"inLanguage\":\"es\"},{\"@type\":\"WebPage\",\"@id\":\"https:\/\/blakeselph.com\/portfolio\/#webpage\",\"url\":\"https:\/\/blakeselph.com\/portfolio\/\",\"name\":\"Portfolio - Blake Selph Translation\",\"isPartOf\":{\"@id\":\"https:\/\/blakeselph.com\/#website\"},\"datePublished\":\"2019-03-11T17:47:12+00:00\",\"dateModified\":\"2024-10-15T14:03:22+00:00\",\"breadcrumb\":{\"@id\":\"https:\/\/blakeselph.com\/portfolio\/#breadcrumb\"},\"inLanguage\":\"es\",\"potentialAction\":[{\"@type\":\"ReadAction\",\"target\":[\"https:\/\/blakeselph.com\/portfolio\/\"]}]},{\"@type\":\"BreadcrumbList\",\"@id\":\"https:\/\/blakeselph.com\/portfolio\/#breadcrumb\",\"itemListElement\":[{\"@type\":\"ListItem\",\"position\":1,\"name\":\"Home\",\"item\":\"https:\/\/blakeselph.com\/\"},{\"@type\":\"ListItem\",\"position\":2,\"name\":\"Portfolio\"}]}]}<\/script>\n<!-- \/ Yoast SEO plugin. -->","yoast_head_json":{"title":"Portfolio - Blake Selph Translation","robots":{"index":"index","follow":"follow","max-snippet":"max-snippet:-1","max-image-preview":"max-image-preview:large","max-video-preview":"max-video-preview:-1"},"canonical":"https:\/\/blakeselph.com\/es\/portfolio\/","og_locale":"es_ES","og_type":"article","og_title":"Portfolio - Blake Selph Translation","og_description":"Translation Subtitles TV series, Conference Speeches, eLearning Courses, YouTube Videos. I subtitle both monolingual and in translation from Spanish and&hellip;","og_url":"https:\/\/blakeselph.com\/es\/portfolio\/","og_site_name":"Blake Selph Translation","article_modified_time":"2024-10-15T14:03:22+00:00","twitter_card":"summary_large_image","schema":{"@context":"https:\/\/schema.org","@graph":[{"@type":["Person","Organization"],"@id":"https:\/\/blakeselph.com\/#\/schema\/person\/f42da91886dfcdf7f83629fa91d6d181","name":"Blake Selph","image":{"@type":"ImageObject","inLanguage":"es","@id":"https:\/\/blakeselph.com\/#\/schema\/person\/image\/","url":"https:\/\/secure.gravatar.com\/avatar\/84b8c0254396741fd7ce8cf78f171464?s=96&d=mm&r=g","contentUrl":"https:\/\/secure.gravatar.com\/avatar\/84b8c0254396741fd7ce8cf78f171464?s=96&d=mm&r=g","caption":"Blake Selph"},"logo":{"@id":"https:\/\/blakeselph.com\/#\/schema\/person\/image\/"},"sameAs":["https:\/\/www.linkedin.com\/in\/blake-selph-09228516b\/"]},{"@type":"WebSite","@id":"https:\/\/blakeselph.com\/#website","url":"https:\/\/blakeselph.com\/","name":"Blake Selph Translation","description":"Connecting across cultures","publisher":{"@id":"https:\/\/blakeselph.com\/#\/schema\/person\/f42da91886dfcdf7f83629fa91d6d181"},"potentialAction":[{"@type":"SearchAction","target":{"@type":"EntryPoint","urlTemplate":"https:\/\/blakeselph.com\/?s={search_term_string}"},"query-input":"required name=search_term_string"}],"inLanguage":"es"},{"@type":"WebPage","@id":"https:\/\/blakeselph.com\/portfolio\/#webpage","url":"https:\/\/blakeselph.com\/portfolio\/","name":"Portfolio - Blake Selph Translation","isPartOf":{"@id":"https:\/\/blakeselph.com\/#website"},"datePublished":"2019-03-11T17:47:12+00:00","dateModified":"2024-10-15T14:03:22+00:00","breadcrumb":{"@id":"https:\/\/blakeselph.com\/portfolio\/#breadcrumb"},"inLanguage":"es","potentialAction":[{"@type":"ReadAction","target":["https:\/\/blakeselph.com\/portfolio\/"]}]},{"@type":"BreadcrumbList","@id":"https:\/\/blakeselph.com\/portfolio\/#breadcrumb","itemListElement":[{"@type":"ListItem","position":1,"name":"Home","item":"https:\/\/blakeselph.com\/"},{"@type":"ListItem","position":2,"name":"Portfolio"}]}]}},"_links":{"self":[{"href":"https:\/\/blakeselph.com\/es\/wp-json\/wp\/v2\/pages\/160"}],"collection":[{"href":"https:\/\/blakeselph.com\/es\/wp-json\/wp\/v2\/pages"}],"about":[{"href":"https:\/\/blakeselph.com\/es\/wp-json\/wp\/v2\/types\/page"}],"author":[{"embeddable":true,"href":"https:\/\/blakeselph.com\/es\/wp-json\/wp\/v2\/users\/1"}],"replies":[{"embeddable":true,"href":"https:\/\/blakeselph.com\/es\/wp-json\/wp\/v2\/comments?post=160"}],"version-history":[{"count":15,"href":"https:\/\/blakeselph.com\/es\/wp-json\/wp\/v2\/pages\/160\/revisions"}],"predecessor-version":[{"id":438,"href":"https:\/\/blakeselph.com\/es\/wp-json\/wp\/v2\/pages\/160\/revisions\/438"}],"wp:attachment":[{"href":"https:\/\/blakeselph.com\/es\/wp-json\/wp\/v2\/media?parent=160"}],"curies":[{"name":"wp","href":"https:\/\/api.w.org\/{rel}","templated":true}]}}