{"id":350,"date":"2019-03-12T20:52:03","date_gmt":"2019-03-12T20:52:03","guid":{"rendered":"http:\/\/blakeselph.com\/?page_id=350"},"modified":"2024-09-11T17:39:51","modified_gmt":"2024-09-11T15:39:51","slug":"about-me","status":"publish","type":"page","link":"https:\/\/blakeselph.com\/es\/about-me\/","title":{"rendered":"Sobre M\u00ed"},"content":{"rendered":"<p>Desde mi juventud, siempre me han encantado las lenguas extranjeras. Tom\u00e9 mi primera clase de espa\u00f1ol con seis a\u00f1os, materia que sigui\u00f3 siendo mi favorita durante mis a\u00f1os escolares. Estudi\u00e9 espa\u00f1ol en la Universidad de Virginia, y en mi segundo a\u00f1o, en la primavera de 2014, estudi\u00e9 en Valencia, Espa\u00f1a. Aprovechando mi tiempo en el extranjero, visit\u00e9 Portugal y me fascin\u00f3 lo aparentemente parecido pero tambi\u00e9n lo diferente que era el portugu\u00e9s. Al regresar a Virginia, decid\u00ed estudiar portugu\u00e9s tambi\u00e9n. En el verano de 2015, volv\u00ed a Espa\u00f1a para realizar una investigaci\u00f3n ling\u00fc\u00edstica en Asturias, y luego a Lisboa para hacer un curso de verano de portugu\u00e9s.<\/p>\n<p>After researching and writing a Distinguished Major&#8217;s Thesis on Spanish historical linguistics, I graduated from UVA in 2016 with Highest Honors. Having become enamored of learning about foreign cultures and languages, I spent a year and a half after graduation teaching English in C\u00f3rdoba, Argentina. The year after that, I went to Vit\u00f3ria in Esp\u00edrito Santo, Brazil, continuing to teach English, both in person and online. Apart from teaching, I also went camping, hiking, and learned to rock climb and dance forr\u00f3.<\/p>\n<p>In the fall of 2019, I began a master&#8217;s program in linguistics at the University of Lisbon, where I continued immersed in both Brazilian and Portuguese culture. As of 2022, I received my Master in Linguistics and am now living as a digital nomad.<\/p>\n\t\t\t\t<img src=\"http:\/\/blakeselph.com\/wp-content\/uploads\/2024\/09\/photo_2024-08-02_11-46-53-225x300.jpg\" alt=\"Picture of Blake\" itemprop=\"image\" title=\"Profile\" onerror=\"this.style.display='none'\"  \/>","protected":false},"excerpt":{"rendered":"<p>From a young age, I have always loved foreign languages. I took my first Spanish class at age six, and&hellip;<\/p>","protected":false},"author":1,"featured_media":0,"parent":0,"menu_order":0,"comment_status":"closed","ping_status":"closed","template":"","meta":[],"yoast_head":"<!-- This site is optimized with the Yoast SEO plugin v19.1 - https:\/\/yoast.com\/wordpress\/plugins\/seo\/ -->\n<title>About Me - Blake Selph Translation<\/title>\n<meta name=\"robots\" content=\"index, follow, max-snippet:-1, max-image-preview:large, max-video-preview:-1\" \/>\n<link rel=\"canonical\" href=\"https:\/\/blakeselph.com\/es\/about-me\/\" \/>\n<meta property=\"og:locale\" content=\"es_ES\" \/>\n<meta property=\"og:type\" content=\"article\" \/>\n<meta property=\"og:title\" content=\"About Me - Blake Selph Translation\" \/>\n<meta property=\"og:description\" content=\"From a young age, I have always loved foreign languages. I took my first Spanish class at age six, and&hellip;\" \/>\n<meta property=\"og:url\" content=\"https:\/\/blakeselph.com\/es\/about-me\/\" \/>\n<meta property=\"og:site_name\" content=\"Blake Selph Translation\" \/>\n<meta property=\"article:modified_time\" content=\"2024-09-11T15:39:51+00:00\" \/>\n<meta property=\"og:image\" content=\"http:\/\/blakeselph.com\/wp-content\/uploads\/2024\/09\/photo_2024-08-02_11-46-53-225x300.jpg\" \/>\n<meta name=\"twitter:card\" content=\"summary_large_image\" \/>\n<meta name=\"twitter:label1\" content=\"Tiempo de lectura\" \/>\n\t<meta name=\"twitter:data1\" content=\"2 minutos\" \/>\n<script type=\"application\/ld+json\" class=\"yoast-schema-graph\">{\"@context\":\"https:\/\/schema.org\",\"@graph\":[{\"@type\":[\"Person\",\"Organization\"],\"@id\":\"https:\/\/blakeselph.com\/#\/schema\/person\/f42da91886dfcdf7f83629fa91d6d181\",\"name\":\"Blake Selph\",\"image\":{\"@type\":\"ImageObject\",\"inLanguage\":\"es\",\"@id\":\"https:\/\/blakeselph.com\/#\/schema\/person\/image\/\",\"url\":\"https:\/\/secure.gravatar.com\/avatar\/84b8c0254396741fd7ce8cf78f171464?s=96&d=mm&r=g\",\"contentUrl\":\"https:\/\/secure.gravatar.com\/avatar\/84b8c0254396741fd7ce8cf78f171464?s=96&d=mm&r=g\",\"caption\":\"Blake Selph\"},\"logo\":{\"@id\":\"https:\/\/blakeselph.com\/#\/schema\/person\/image\/\"},\"sameAs\":[\"https:\/\/www.linkedin.com\/in\/blake-selph-09228516b\/\"]},{\"@type\":\"WebSite\",\"@id\":\"https:\/\/blakeselph.com\/#website\",\"url\":\"https:\/\/blakeselph.com\/\",\"name\":\"Blake Selph Translation\",\"description\":\"Connecting across cultures\",\"publisher\":{\"@id\":\"https:\/\/blakeselph.com\/#\/schema\/person\/f42da91886dfcdf7f83629fa91d6d181\"},\"potentialAction\":[{\"@type\":\"SearchAction\",\"target\":{\"@type\":\"EntryPoint\",\"urlTemplate\":\"https:\/\/blakeselph.com\/?s={search_term_string}\"},\"query-input\":\"required name=search_term_string\"}],\"inLanguage\":\"es\"},{\"@type\":\"ImageObject\",\"inLanguage\":\"es\",\"@id\":\"https:\/\/blakeselph.com\/about-me\/#primaryimage\",\"url\":\"https:\/\/blakeselph.com\/wp-content\/uploads\/2024\/09\/photo_2024-08-02_11-46-53.jpg\",\"contentUrl\":\"https:\/\/blakeselph.com\/wp-content\/uploads\/2024\/09\/photo_2024-08-02_11-46-53.jpg\",\"width\":960,\"height\":1280,\"caption\":\"Picture of Blake\"},{\"@type\":\"WebPage\",\"@id\":\"https:\/\/blakeselph.com\/about-me\/#webpage\",\"url\":\"https:\/\/blakeselph.com\/about-me\/\",\"name\":\"About Me - Blake Selph Translation\",\"isPartOf\":{\"@id\":\"https:\/\/blakeselph.com\/#website\"},\"primaryImageOfPage\":{\"@id\":\"https:\/\/blakeselph.com\/about-me\/#primaryimage\"},\"datePublished\":\"2019-03-12T20:52:03+00:00\",\"dateModified\":\"2024-09-11T15:39:51+00:00\",\"breadcrumb\":{\"@id\":\"https:\/\/blakeselph.com\/about-me\/#breadcrumb\"},\"inLanguage\":\"es\",\"potentialAction\":[{\"@type\":\"ReadAction\",\"target\":[\"https:\/\/blakeselph.com\/about-me\/\"]}]},{\"@type\":\"BreadcrumbList\",\"@id\":\"https:\/\/blakeselph.com\/about-me\/#breadcrumb\",\"itemListElement\":[{\"@type\":\"ListItem\",\"position\":1,\"name\":\"Home\",\"item\":\"https:\/\/blakeselph.com\/\"},{\"@type\":\"ListItem\",\"position\":2,\"name\":\"About Me\"}]}]}<\/script>\n<!-- \/ Yoast SEO plugin. -->","yoast_head_json":{"title":"About Me - Blake Selph Translation","robots":{"index":"index","follow":"follow","max-snippet":"max-snippet:-1","max-image-preview":"max-image-preview:large","max-video-preview":"max-video-preview:-1"},"canonical":"https:\/\/blakeselph.com\/es\/about-me\/","og_locale":"es_ES","og_type":"article","og_title":"About Me - Blake Selph Translation","og_description":"From a young age, I have always loved foreign languages. I took my first Spanish class at age six, and&hellip;","og_url":"https:\/\/blakeselph.com\/es\/about-me\/","og_site_name":"Blake Selph Translation","article_modified_time":"2024-09-11T15:39:51+00:00","og_image":[{"url":"http:\/\/blakeselph.com\/wp-content\/uploads\/2024\/09\/photo_2024-08-02_11-46-53-225x300.jpg"}],"twitter_card":"summary_large_image","twitter_misc":{"Tiempo de lectura":"2 minutos"},"schema":{"@context":"https:\/\/schema.org","@graph":[{"@type":["Person","Organization"],"@id":"https:\/\/blakeselph.com\/#\/schema\/person\/f42da91886dfcdf7f83629fa91d6d181","name":"Blake Selph","image":{"@type":"ImageObject","inLanguage":"es","@id":"https:\/\/blakeselph.com\/#\/schema\/person\/image\/","url":"https:\/\/secure.gravatar.com\/avatar\/84b8c0254396741fd7ce8cf78f171464?s=96&d=mm&r=g","contentUrl":"https:\/\/secure.gravatar.com\/avatar\/84b8c0254396741fd7ce8cf78f171464?s=96&d=mm&r=g","caption":"Blake Selph"},"logo":{"@id":"https:\/\/blakeselph.com\/#\/schema\/person\/image\/"},"sameAs":["https:\/\/www.linkedin.com\/in\/blake-selph-09228516b\/"]},{"@type":"WebSite","@id":"https:\/\/blakeselph.com\/#website","url":"https:\/\/blakeselph.com\/","name":"Blake Selph Translation","description":"Connecting across cultures","publisher":{"@id":"https:\/\/blakeselph.com\/#\/schema\/person\/f42da91886dfcdf7f83629fa91d6d181"},"potentialAction":[{"@type":"SearchAction","target":{"@type":"EntryPoint","urlTemplate":"https:\/\/blakeselph.com\/?s={search_term_string}"},"query-input":"required name=search_term_string"}],"inLanguage":"es"},{"@type":"ImageObject","inLanguage":"es","@id":"https:\/\/blakeselph.com\/about-me\/#primaryimage","url":"https:\/\/blakeselph.com\/wp-content\/uploads\/2024\/09\/photo_2024-08-02_11-46-53.jpg","contentUrl":"https:\/\/blakeselph.com\/wp-content\/uploads\/2024\/09\/photo_2024-08-02_11-46-53.jpg","width":960,"height":1280,"caption":"Picture of Blake"},{"@type":"WebPage","@id":"https:\/\/blakeselph.com\/about-me\/#webpage","url":"https:\/\/blakeselph.com\/about-me\/","name":"About Me - Blake Selph Translation","isPartOf":{"@id":"https:\/\/blakeselph.com\/#website"},"primaryImageOfPage":{"@id":"https:\/\/blakeselph.com\/about-me\/#primaryimage"},"datePublished":"2019-03-12T20:52:03+00:00","dateModified":"2024-09-11T15:39:51+00:00","breadcrumb":{"@id":"https:\/\/blakeselph.com\/about-me\/#breadcrumb"},"inLanguage":"es","potentialAction":[{"@type":"ReadAction","target":["https:\/\/blakeselph.com\/about-me\/"]}]},{"@type":"BreadcrumbList","@id":"https:\/\/blakeselph.com\/about-me\/#breadcrumb","itemListElement":[{"@type":"ListItem","position":1,"name":"Home","item":"https:\/\/blakeselph.com\/"},{"@type":"ListItem","position":2,"name":"About Me"}]}]}},"_links":{"self":[{"href":"https:\/\/blakeselph.com\/es\/wp-json\/wp\/v2\/pages\/350"}],"collection":[{"href":"https:\/\/blakeselph.com\/es\/wp-json\/wp\/v2\/pages"}],"about":[{"href":"https:\/\/blakeselph.com\/es\/wp-json\/wp\/v2\/types\/page"}],"author":[{"embeddable":true,"href":"https:\/\/blakeselph.com\/es\/wp-json\/wp\/v2\/users\/1"}],"replies":[{"embeddable":true,"href":"https:\/\/blakeselph.com\/es\/wp-json\/wp\/v2\/comments?post=350"}],"version-history":[{"count":9,"href":"https:\/\/blakeselph.com\/es\/wp-json\/wp\/v2\/pages\/350\/revisions"}],"predecessor-version":[{"id":429,"href":"https:\/\/blakeselph.com\/es\/wp-json\/wp\/v2\/pages\/350\/revisions\/429"}],"wp:attachment":[{"href":"https:\/\/blakeselph.com\/es\/wp-json\/wp\/v2\/media?parent=350"}],"curies":[{"name":"wp","href":"https:\/\/api.w.org\/{rel}","templated":true}]}}