{"id":19,"date":"2019-03-11T17:47:12","date_gmt":"2019-03-11T17:47:12","guid":{"rendered":"http:\/\/blakeselph.com\/?page_id=19"},"modified":"2022-06-02T10:13:28","modified_gmt":"2022-06-02T08:13:28","slug":"contact","status":"publish","type":"page","link":"https:\/\/blakeselph.com\/pt\/contact\/","title":{"rendered":"Contato"},"content":{"rendered":"<p>Contate-nos e vamos lhe responder o mais r\u00e1pido poss\u00edvel. Estamos ansiosos para colaborar com voc\u00ea!<\/p>\n\t<noscript class=\"ninja-forms-noscript-message\">\n    Aviso: O JavaScript \u00e9 necess\u00e1rio para esse conte\u00fado.<\/noscript><div id=\"nf-form-1-cont\" class=\"nf-form-cont\" aria-live=\"polite\" aria-labelledby=\"nf-form-title-1\" aria-describedby=\"nf-form-errors-1\" role=\"form\">\n\n    <div class=\"nf-loading-spinner\"><\/div>\n\n<\/div>\n        <!-- TODO: Move to Template File. -->\n        <script>var formDisplay=1;var nfForms=nfForms||[];var form=[];form.id='1';form.settings={\"objectType\":\"Form Setting\",\"editActive\":true,\"title\":\"Contact Form\",\"created_at\":\"2016-03-16 20:27:29\",\"show_title\":\"1\",\"clear_complete\":\"1\",\"hide_complete\":\"1\",\"currency\":\"usd\",\"add_submit\":\"1\",\"logged_in\":\"0\",\"default_label_pos\":\"above\",\"wrapper_class\":\"\",\"element_class\":\"\",\"not_logged_in_msg\":\"\",\"sub_limit_msg\":\"\",\"calculations\":[],\"fieldContentsData\":[{\"label\":\"Name\",\"key\":\"name\",\"parent_id\":1,\"type\":\"textbox\",\"created_at\":\"2016-03-16 20:27:29\",\"objectType\":\"Field\",\"objectDomain\":\"fields\",\"editActive\":false,\"label_pos\":\"above\",\"required\":1,\"placeholder\":\"\",\"default\":\"\",\"wrapper_class\":\"\",\"element_class\":\"\",\"input_limit\":\"\",\"input_limit_type\":\"characters\",\"input_limit_message\":\"Character(s) left\",\"manual_key\":\"\",\"disable_input\":\"\",\"admin_label\":\"\",\"help_text\":\"\",\"desc_text\":\"\",\"desc_pos\":\"\",\"disable_browser_autocomplete\":\"\",\"mask\":\"\",\"custom_mask\":\"\",\"order\":1,\"container_class\":\"\",\"input_limit_msg\":\"Character(s) left\",\"id\":1},{\"label\":\"Email\",\"key\":\"email\",\"parent_id\":1,\"type\":\"email\",\"created_at\":\"2016-03-16 20:27:29\",\"objectType\":\"Field\",\"objectDomain\":\"fields\",\"editActive\":false,\"label_pos\":\"above\",\"required\":1,\"default\":\"\",\"placeholder\":\"\",\"wrapper_class\":\"\",\"element_class\":\"\",\"admin_label\":\"\",\"help_text\":\"\",\"desc_text\":\"\",\"desc_pos\":\"\",\"order\":2,\"container_class\":\"\",\"id\":2},{\"label\":\"Message\",\"key\":\"message\",\"parent_id\":1,\"type\":\"textarea\",\"created_at\":\"2016-03-16 20:27:29\",\"objectType\":\"Field\",\"objectDomain\":\"fields\",\"editActive\":false,\"label_pos\":\"above\",\"required\":1,\"placeholder\":\"\",\"default\":\"\",\"wrapper_class\":\"\",\"element_class\":\"\",\"input_limit\":\"\",\"input_limit_type\":\"characters\",\"input_limit_message\":\"Character(s) left\",\"manual_key\":\"\",\"disable_input\":\"\",\"admin_label\":\"\",\"help_text\":\"\",\"desc_text\":\"\",\"desc_pos\":\"\",\"disable_browser_autocomplete\":\"\",\"textarea_rte\":\"\",\"disable_rte_mobile\":\"\",\"textarea_media\":\"\",\"order\":3,\"container_class\":\"\",\"input_limit_msg\":\"Character(s) left\",\"id\":3},{\"label\":\"What is thirteen minus 6?\",\"key\":\"spam_1\",\"parent_id\":1,\"type\":\"spam\",\"created_at\":\"2016-03-16 20:27:29\",\"objectType\":\"Field\",\"objectDomain\":\"fields\",\"editActive\":false,\"label_pos\":\"above\",\"required\":1,\"placeholder\":\"\",\"default\":\"\",\"wrapper_class\":\"\",\"element_class\":\"\",\"input_limit\":\"\",\"input_limit_type\":\"characters\",\"input_limit_message\":\"Character(s) left\",\"manual_key\":1,\"disable_input\":\"\",\"admin_label\":\"\",\"help_text\":\"\",\"desc_text\":\"\",\"desc_pos\":\"\",\"spam_answer\":7,\"order\":4,\"container_class\":\"\",\"input_limit_msg\":\"Character(s) left\",\"id\":4},{\"label\":\"Send\",\"key\":\"send\",\"parent_id\":1,\"type\":\"submit\",\"created_at\":\"2016-03-16 20:27:29\",\"objectType\":\"Field\",\"objectDomain\":\"fields\",\"editActive\":false,\"processing_label\":\"Processing\",\"wrapper_class\":\"\",\"element_class\":\"\",\"order\":5,\"container_class\":\"\",\"id\":5}],\"formContentData\":[\"name\",\"email_1484329755313\",\"message\",\"spam_1484329757987\",\"send\"],\"unique_field_error\":\"A form with this value has already been submitted.\",\"key\":\"\",\"ninjaForms\":\"Ninja Forms\",\"changeEmailErrorMsg\":\"Digite um endere\\u00e7o de e-mail v\\u00e1lido!\",\"changeDateErrorMsg\":\"Digite uma data v\\u00e1lida!\",\"confirmFieldErrorMsg\":\"Estes campos devem corresponder!\",\"fieldNumberNumMinError\":\"Erro no n\\u00famero m\\u00ednimo\",\"fieldNumberNumMaxError\":\"Erro no n\\u00famero m\\u00e1ximo\",\"fieldNumberIncrementBy\":\"Incremente por \",\"fieldTextareaRTEInsertLink\":\"Insira o Link\",\"fieldTextareaRTEInsertMedia\":\"Inserir m\\u00eddia\",\"fieldTextareaRTESelectAFile\":\"Selecionar Arquivo\",\"formErrorsCorrectErrors\":\"Corrija os erros antes de enviar este formul\\u00e1rio.\",\"formHoneypot\":\"Se voc\\u00ea for um humano, deixe este campo em branco.\",\"validateRequiredField\":\"Este campo \\u00e9 obrigat\\u00f3rio.\",\"honeypotHoneypotError\":\"Erro do Honeypot\",\"fileUploadOldCodeFileUploadInProgress\":\"Upload de arquivo em andamento.\",\"fileUploadOldCodeFileUpload\":\"UPLOAD DE ARQUIVO\",\"currencySymbol\":\"$\",\"fieldsMarkedRequired\":\"Campos marcados com <span class=\\\"ninja-forms-req-symbol\\\">*<\\\/span> s\\u00e3o requeridos\",\"thousands_sep\":\".\",\"decimal_point\":\",\",\"siteLocale\":\"pt_BR\",\"dateFormat\":\"d\\\/m\\\/Y\",\"startOfWeek\":\"1\",\"of\":\"de\",\"previousMonth\":\"M\\u00eas anterior\",\"nextMonth\":\"Pr\\u00f3ximo m\\u00eas\",\"months\":[\"Janeiro\",\"Fevereiro\",\"Mar\\u00e7o\",\"Abril\",\"Maio\",\"Junho\",\"Julho\",\"Agosto\",\"Setembro\",\"Outubro\",\"Novembro\",\"Dezembro\"],\"monthsShort\":[\"Jan\",\"Fev\",\"Mar\",\"Abr\",\"Maio\",\"Jun\",\"Jul\",\"Ago\",\"Set\",\"Out\",\"Nov\",\"Dez\"],\"weekdays\":[\"Domingo\",\"Segunda-feira\",\"Ter\\u00e7a-feira\",\"Quarta-feira\",\"Quinta-feira\",\"Sexta-feira\",\"S\\u00e1bado\"],\"weekdaysShort\":[\"Dom\",\"Seg\",\"Ter\",\"Qua\",\"Qui\",\"Sex\",\"Sat\"],\"weekdaysMin\":[\"Su\",\"Mo\",\"Tu\",\"We\",\"Th\",\"Fr\",\"Sa\"],\"recaptchaConsentMissing\":\"reCapctha validation couldn&#039;t load.\",\"recaptchaMissingCookie\":\"reCaptcha v3 validation couldn&#039;t load the cookie needed to submit the form.\",\"recaptchaConsentEvent\":\"Accept reCaptcha cookies before sending the form.\",\"embed_form\":\"\",\"currency_symbol\":\"\",\"beforeForm\":\"\",\"beforeFields\":\"\",\"afterFields\":\"\",\"afterForm\":\"\"};form.fields=[{\"objectType\":\"Field\",\"objectDomain\":\"fields\",\"editActive\":false,\"order\":999,\"type\":\"textbox\",\"label\":\"Name\",\"key\":\"name\",\"label_pos\":\"above\",\"required\":1,\"input_limit_type\":\"characters\",\"input_limit_msg\":\"Character(s) left\",\"manual_key\":false,\"default\":\"\",\"placeholder\":\"\",\"container_class\":\"\",\"element_class\":\"\",\"input_limit\":\"\",\"admin_label\":\"\",\"help_text\":\"\",\"mask\":\"\",\"custom_mask\":\"\",\"custom_name_attribute\":\"\",\"personally_identifiable\":\"\",\"id\":12,\"beforeField\":\"\",\"afterField\":\"\",\"value\":\"\",\"parentType\":\"textbox\",\"element_templates\":[\"textbox\",\"input\"],\"old_classname\":\"\",\"wrap_template\":\"wrap\"},{\"objectType\":\"Field\",\"objectDomain\":\"fields\",\"editActive\":false,\"order\":999,\"type\":\"email\",\"label\":\"Email\",\"key\":\"email_1484329755313\",\"label_pos\":\"above\",\"required\":1,\"default\":\"\",\"placeholder\":\"\",\"container_class\":\"\",\"element_class\":\"\",\"admin_label\":\"\",\"help_text\":\"\",\"custom_name_attribute\":\"email\",\"personally_identifiable\":1,\"id\":13,\"beforeField\":\"\",\"afterField\":\"\",\"value\":\"\",\"parentType\":\"email\",\"element_templates\":[\"email\",\"input\"],\"old_classname\":\"\",\"wrap_template\":\"wrap\"},{\"objectType\":\"Field\",\"objectDomain\":\"fields\",\"editActive\":false,\"order\":999,\"type\":\"textarea\",\"label\":\"Message\",\"key\":\"message\",\"label_pos\":\"above\",\"required\":1,\"input_limit_type\":\"characters\",\"input_limit_msg\":\"Character(s) left\",\"manual_key\":false,\"default\":\"\",\"placeholder\":\"\",\"container_class\":\"\",\"element_class\":\"\",\"input_limit\":\"\",\"admin_label\":\"\",\"help_text\":\"\",\"textarea_rte\":\"\",\"disable_rte_mobile\":\"\",\"textarea_media\":\"\",\"id\":14,\"beforeField\":\"\",\"afterField\":\"\",\"value\":\"\",\"parentType\":\"textarea\",\"element_templates\":[\"textarea\",\"input\"],\"old_classname\":\"\",\"wrap_template\":\"wrap\"},{\"objectType\":\"Field\",\"objectDomain\":\"fields\",\"editActive\":false,\"order\":999,\"type\":\"spam\",\"label\":\"What is 13 minus 6?\",\"key\":\"spam_1484329757987\",\"label_pos\":\"above\",\"required\":1,\"input_limit_type\":\"characters\",\"input_limit_msg\":\"Character(s) left\",\"manual_key\":true,\"spam_answer\":7,\"default\":\"\",\"placeholder\":\"\",\"container_class\":\"\",\"element_class\":\"\",\"input_limit\":\"\",\"admin_label\":\"\",\"help_text\":\"\",\"drawerDisabled\":false,\"id\":15,\"beforeField\":\"\",\"afterField\":\"\",\"value\":\"\",\"parentType\":\"spam\",\"element_templates\":[\"textbox\",\"input\"],\"old_classname\":\"\",\"wrap_template\":\"wrap\"},{\"objectType\":\"Field\",\"objectDomain\":\"fields\",\"editActive\":false,\"order\":999,\"type\":\"submit\",\"label\":\"Send\",\"processing_label\":\"Sending ...\",\"key\":\"send\",\"container_class\":\"\",\"element_class\":\"\",\"id\":16,\"beforeField\":\"\",\"afterField\":\"\",\"value\":\"\",\"label_pos\":\"above\",\"parentType\":\"textbox\",\"element_templates\":[\"submit\",\"button\",\"input\"],\"old_classname\":\"\",\"wrap_template\":\"wrap-no-label\"}];nfForms.push(form);<\/script>","protected":false},"excerpt":{"rendered":"<p>Get in touch and we will get back to you as soon as we can. \u00a0We look forward to working&hellip;<\/p>","protected":false},"author":1,"featured_media":0,"parent":0,"menu_order":0,"comment_status":"closed","ping_status":"closed","template":"","meta":[],"yoast_head":"<!-- This site is optimized with the Yoast SEO plugin v19.1 - https:\/\/yoast.com\/wordpress\/plugins\/seo\/ -->\n<title>Contact Us - Blake Selph Translation<\/title>\n<meta name=\"robots\" content=\"index, follow, max-snippet:-1, max-image-preview:large, max-video-preview:-1\" \/>\n<link rel=\"canonical\" href=\"https:\/\/blakeselph.com\/pt\/contact\/\" \/>\n<meta property=\"og:locale\" content=\"pt_BR\" \/>\n<meta property=\"og:type\" content=\"article\" \/>\n<meta property=\"og:title\" content=\"Contact Us - Blake Selph Translation\" \/>\n<meta property=\"og:description\" content=\"Get in touch and we will get back to you as soon as we can. \u00a0We look forward to working&hellip;\" \/>\n<meta property=\"og:url\" content=\"https:\/\/blakeselph.com\/pt\/contact\/\" \/>\n<meta property=\"og:site_name\" content=\"Blake Selph Translation\" \/>\n<meta property=\"article:modified_time\" content=\"2022-06-02T08:13:28+00:00\" \/>\n<meta name=\"twitter:card\" content=\"summary_large_image\" \/>\n<script type=\"application\/ld+json\" class=\"yoast-schema-graph\">{\"@context\":\"https:\/\/schema.org\",\"@graph\":[{\"@type\":[\"Person\",\"Organization\"],\"@id\":\"https:\/\/blakeselph.com\/#\/schema\/person\/f42da91886dfcdf7f83629fa91d6d181\",\"name\":\"Blake Selph\",\"image\":{\"@type\":\"ImageObject\",\"inLanguage\":\"pt-BR\",\"@id\":\"https:\/\/blakeselph.com\/#\/schema\/person\/image\/\",\"url\":\"https:\/\/secure.gravatar.com\/avatar\/84b8c0254396741fd7ce8cf78f171464?s=96&d=mm&r=g\",\"contentUrl\":\"https:\/\/secure.gravatar.com\/avatar\/84b8c0254396741fd7ce8cf78f171464?s=96&d=mm&r=g\",\"caption\":\"Blake Selph\"},\"logo\":{\"@id\":\"https:\/\/blakeselph.com\/#\/schema\/person\/image\/\"},\"sameAs\":[\"https:\/\/www.linkedin.com\/in\/blake-selph-09228516b\/\"]},{\"@type\":\"WebSite\",\"@id\":\"https:\/\/blakeselph.com\/#website\",\"url\":\"https:\/\/blakeselph.com\/\",\"name\":\"Blake Selph Translation\",\"description\":\"Connecting across cultures\",\"publisher\":{\"@id\":\"https:\/\/blakeselph.com\/#\/schema\/person\/f42da91886dfcdf7f83629fa91d6d181\"},\"potentialAction\":[{\"@type\":\"SearchAction\",\"target\":{\"@type\":\"EntryPoint\",\"urlTemplate\":\"https:\/\/blakeselph.com\/?s={search_term_string}\"},\"query-input\":\"required name=search_term_string\"}],\"inLanguage\":\"pt-BR\"},{\"@type\":\"WebPage\",\"@id\":\"https:\/\/blakeselph.com\/contact\/#webpage\",\"url\":\"https:\/\/blakeselph.com\/contact\/\",\"name\":\"Contact Us - Blake Selph Translation\",\"isPartOf\":{\"@id\":\"https:\/\/blakeselph.com\/#website\"},\"datePublished\":\"2019-03-11T17:47:12+00:00\",\"dateModified\":\"2022-06-02T08:13:28+00:00\",\"breadcrumb\":{\"@id\":\"https:\/\/blakeselph.com\/contact\/#breadcrumb\"},\"inLanguage\":\"pt-BR\",\"potentialAction\":[{\"@type\":\"ReadAction\",\"target\":[\"https:\/\/blakeselph.com\/contact\/\"]}]},{\"@type\":\"BreadcrumbList\",\"@id\":\"https:\/\/blakeselph.com\/contact\/#breadcrumb\",\"itemListElement\":[{\"@type\":\"ListItem\",\"position\":1,\"name\":\"Home\",\"item\":\"https:\/\/blakeselph.com\/\"},{\"@type\":\"ListItem\",\"position\":2,\"name\":\"Contact Us\"}]}]}<\/script>\n<!-- \/ Yoast SEO plugin. -->","yoast_head_json":{"title":"Contact Us - Blake Selph Translation","robots":{"index":"index","follow":"follow","max-snippet":"max-snippet:-1","max-image-preview":"max-image-preview:large","max-video-preview":"max-video-preview:-1"},"canonical":"https:\/\/blakeselph.com\/pt\/contact\/","og_locale":"pt_BR","og_type":"article","og_title":"Contact Us - Blake Selph Translation","og_description":"Get in touch and we will get back to you as soon as we can. \u00a0We look forward to working&hellip;","og_url":"https:\/\/blakeselph.com\/pt\/contact\/","og_site_name":"Blake Selph Translation","article_modified_time":"2022-06-02T08:13:28+00:00","twitter_card":"summary_large_image","schema":{"@context":"https:\/\/schema.org","@graph":[{"@type":["Person","Organization"],"@id":"https:\/\/blakeselph.com\/#\/schema\/person\/f42da91886dfcdf7f83629fa91d6d181","name":"Blake Selph","image":{"@type":"ImageObject","inLanguage":"pt-BR","@id":"https:\/\/blakeselph.com\/#\/schema\/person\/image\/","url":"https:\/\/secure.gravatar.com\/avatar\/84b8c0254396741fd7ce8cf78f171464?s=96&d=mm&r=g","contentUrl":"https:\/\/secure.gravatar.com\/avatar\/84b8c0254396741fd7ce8cf78f171464?s=96&d=mm&r=g","caption":"Blake Selph"},"logo":{"@id":"https:\/\/blakeselph.com\/#\/schema\/person\/image\/"},"sameAs":["https:\/\/www.linkedin.com\/in\/blake-selph-09228516b\/"]},{"@type":"WebSite","@id":"https:\/\/blakeselph.com\/#website","url":"https:\/\/blakeselph.com\/","name":"Blake Selph Translation","description":"Connecting across cultures","publisher":{"@id":"https:\/\/blakeselph.com\/#\/schema\/person\/f42da91886dfcdf7f83629fa91d6d181"},"potentialAction":[{"@type":"SearchAction","target":{"@type":"EntryPoint","urlTemplate":"https:\/\/blakeselph.com\/?s={search_term_string}"},"query-input":"required name=search_term_string"}],"inLanguage":"pt-BR"},{"@type":"WebPage","@id":"https:\/\/blakeselph.com\/contact\/#webpage","url":"https:\/\/blakeselph.com\/contact\/","name":"Contact Us - Blake Selph Translation","isPartOf":{"@id":"https:\/\/blakeselph.com\/#website"},"datePublished":"2019-03-11T17:47:12+00:00","dateModified":"2022-06-02T08:13:28+00:00","breadcrumb":{"@id":"https:\/\/blakeselph.com\/contact\/#breadcrumb"},"inLanguage":"pt-BR","potentialAction":[{"@type":"ReadAction","target":["https:\/\/blakeselph.com\/contact\/"]}]},{"@type":"BreadcrumbList","@id":"https:\/\/blakeselph.com\/contact\/#breadcrumb","itemListElement":[{"@type":"ListItem","position":1,"name":"Home","item":"https:\/\/blakeselph.com\/"},{"@type":"ListItem","position":2,"name":"Contact Us"}]}]}},"_links":{"self":[{"href":"https:\/\/blakeselph.com\/pt\/wp-json\/wp\/v2\/pages\/19"}],"collection":[{"href":"https:\/\/blakeselph.com\/pt\/wp-json\/wp\/v2\/pages"}],"about":[{"href":"https:\/\/blakeselph.com\/pt\/wp-json\/wp\/v2\/types\/page"}],"author":[{"embeddable":true,"href":"https:\/\/blakeselph.com\/pt\/wp-json\/wp\/v2\/users\/1"}],"replies":[{"embeddable":true,"href":"https:\/\/blakeselph.com\/pt\/wp-json\/wp\/v2\/comments?post=19"}],"version-history":[{"count":4,"href":"https:\/\/blakeselph.com\/pt\/wp-json\/wp\/v2\/pages\/19\/revisions"}],"predecessor-version":[{"id":400,"href":"https:\/\/blakeselph.com\/pt\/wp-json\/wp\/v2\/pages\/19\/revisions\/400"}],"wp:attachment":[{"href":"https:\/\/blakeselph.com\/pt\/wp-json\/wp\/v2\/media?parent=19"}],"curies":[{"name":"wp","href":"https:\/\/api.w.org\/{rel}","templated":true}]}}